{"id":29,"date":"2018-08-27T11:21:26","date_gmt":"2018-08-27T09:21:26","guid":{"rendered":"http:\/\/tri-eaux.com\/index.php\/mesmerize\/"},"modified":"2026-01-30T12:32:33","modified_gmt":"2026-01-30T11:32:33","slug":"mesmerize-2","status":"publish","type":"page","link":"https:\/\/tri-eaux.com\/","title":{"rendered":"Front Page"},"content":{"rendered":"<div  id=\"titre\" style=\"background-color: #ffffff;\" data-label=\"Titre\" data-id=\"overlappable-4\" data-export-id=\"overlappable-4\" data-category=\"overlappable\" class=\"overlappable-4 content-section content-section-spacing\" data-overlap=\"true\"><div  class=\"gridContainer\"> <div  data-type=\"row\" class=\"row spaced-cols text-center\"><div  class=\"col-xs-12 col-sm-4 col-padding\">  <div  data-type=\"column\" class=\"\"> <img  decoding=\"async\" class=\"custom-image\" src=\"http:\/\/tri-eaux.com\/wp-content\/uploads\/2018\/11\/eau-potable.jpg\" alt=\"\" title=\"eau potable\"><h5  class=\"\">Eau potable<\/h5> <p  class=\"\">Nos missions dans le domaine de l\u2019Alimentation en Eau Potable (AEP)<\/p><\/div> <\/div> <div  class=\"col-xs-12 col-sm-4 col-padding\">  <div  data-type=\"column\" class=\"\"><img  decoding=\"async\" class=\"custom-image\" src=\"http:\/\/tri-eaux.com\/wp-content\/uploads\/2019\/01\/eaux-usees.jpg\" alt=\"\" title=\"eaux usees\"><h5  class=\"\">Eaux us\u00e9es et pluviales<\/h5> <p  class=\"\">Nos missions sur les r\u00e9seaux d\u2019assainissement et d\u2019eaux pluviales<\/p><\/div> <\/div> <div  class=\"col-xs-12 col-sm-4 col-padding\">  <div  data-type=\"column\" class=\"\"><img  decoding=\"async\" class=\"custom-image\" src=\"http:\/\/tri-eaux.com\/wp-content\/uploads\/2019\/01\/eaux-surface.jpg\" alt=\"\" title=\"eaux surface\"><h5  class=\"\">Eaux de surface<\/h5> <p  class=\"\">Nos missions de mesures et contr\u00f4les sur les cours d\u2019eau<\/p><\/div> <\/div><\/div> <\/div><\/div><div  data-label=\"Missions\" data-id=\"features--1\" data-export-id=\"features-16-card-bordered\" data-category=\"features\" class=\"features-16-card-bordered content-section content-section-spacing\" id=\"missions\" style=\"background-color: rgb(245, 250, 253);\"><div  class=\"gridContainer\"> <div  class=\"row text-center\"><div  class=\"section-title-col\" data-type=\"column\">  <\/div> <\/div> <div  class=\"row spaced-cols center-sm content-center-sm\" data-type=\"row\"> <div  class=\"col-xs-12 col-sm-6 col-md-4\"> <div  class=\"card no-padding bordered y-move\"> <img  decoding=\"async\" class=\"face\" src=\"http:\/\/tri-eaux.com\/wp-content\/uploads\/2018\/08\/cropped-Borne-fontaine_Bayard_\u00e0_volant.jpg\" alt=\"\" title=\"cropped-Borne-fontaine_Bayard_\u00e0_volant.jpg\"> <div  data-type=\"column\" class=\"col-padding-small col-padding-small-xs description-container\"> <h4  class=\"font-500\">EAU POTABLE<\/h4> <p  class=\"\">Bilans hydrauliques, campagne de recherche de fuites, m\u00e9trologie sur captages gravitaires et pompages, expertise des ouvrages, contr\u00f4les des dispositifs de d\u00e9fense incendie, entretiens d\u2019\u00e9l\u00e9ments, op\u00e9rations techniques diverses, cartographie des r\u00e9seaux, ing\u00e9nierie \u2026<\/p><a class=\"button blue\" href=\"https:\/\/tri-eaux.com\/wp-content\/uploads\/2019\/01\/aep.pdf\" target=\"_blank\" data-cp-link=\"1\" rel=\"noopener noreferrer\">Fiche de nos missions AEP<\/a><\/div> <div  data-type=\"column\" class=\"col-padding-small col-padding-small-xs read-more-container\"><\/div> <\/div><\/div>  <div  class=\"col-xs-12 col-sm-6 col-md-4\"><div  class=\"card no-padding bordered y-move\"> <img  decoding=\"async\" class=\"face\" src=\"http:\/\/tri-eaux.com\/wp-content\/uploads\/2018\/08\/cropped-plaque-1.jpg\" alt=\"\" title=\"cropped-plaque-1.jpg\"> <div  data-type=\"column\" class=\"col-padding-small col-padding-small-xs description-container\"> <h4  class=\"font-500\">EAUX US\u00c9ES ET PLUVIALES<\/h4> <p  class=\"\">Campagnes de m\u00e9trologie, pr\u00e9l\u00e8vements d\u2019\u00e9chantillons, bilans des stations d\u2019\u00e9puration, contr\u00f4les de branchements d\u2019abonn\u00e9s, recherche des intrusions d\u2019ECPP, tests \u00e0 la fum\u00e9e, cartographie des r\u00e9seaux, contr\u00f4les industriels, expertises d\u2019ouvrages, contr\u00f4les ANC, ing\u00e9nierie \u2026<\/p><a class=\"button blue\" href=\"https:\/\/tri-eaux.com\/wp-content\/uploads\/2019\/01\/eu-ep.pdf\" target=\"_blank\" data-cp-link=\"1\" rel=\"noopener noreferrer\">Fiche de nos missions EU et EP<\/a><\/div> <div  data-type=\"column\" class=\"col-padding-small col-padding-small-xs read-more-container\"><\/div> <\/div><\/div><div  class=\"col-xs-12 col-sm-6 col-md-4\"><div  class=\"card no-padding bordered y-move\"> <img  decoding=\"async\" class=\"face\" src=\"http:\/\/tri-eaux.com\/wp-content\/uploads\/2018\/08\/cropped-rivi\u00e8re-1.jpg\" alt=\"\" title=\"cropped-rivi\u00e8re-1.jpg\"> <div  data-type=\"column\" class=\"col-padding-small col-padding-small-xs description-container\"> <h4  class=\"font-500\">EAUX DE SURFACE<\/h4> <p  class=\"\">Campagnes de m\u00e9trologie, pr\u00e9l\u00e8vements d\u2019\u00e9chantillons \u2026\n<\/p><\/div> <div  data-type=\"column\" class=\"col-padding-small col-padding-small-xs read-more-container\"><p  class=\"lead\">MISSIONS COMPLEMENTAIRES<\/p><p  class=\"\">Conseils, Formations, Accompagnement<\/p><a class=\"button blue\" href=\"https:\/\/tri-eaux.com\/wp-content\/uploads\/2019\/01\/es.pdf\" target=\"_blank\" data-cp-link=\"1\" rel=\"noopener noreferrer\">Fiche de nos missions ES et compl\u00e9mentaires<\/a><\/div> <\/div><\/div> <\/div><\/div> <\/div><div  data-label=\"Plaquette\" data-id=\"about--1\" data-export-id=\"about-1\" data-category=\"about\" class=\"about-1 content-section\" id=\"plaquette\" style=\"background-color: rgb(245, 250, 253);\"><div  class=\"gridContainer\"> <div  class=\"row text-center\"><div  class=\"section-title-col\" data-type=\"column\">   <p  class=\"lead\">T\u00e9l\u00e9charger notre plaquette en cliquant sur le lien ci-dessous<\/p><\/div> <\/div> <div  class=\"row\"> <div  class=\"button-holder space-bottom space-bottom-small\" data-type=\"column\"> <a class=\"button color1\" href=\"https:\/\/tri-eaux.com\/wp-content\/uploads\/2020\/09\/plaquette-TRIEAUX.pdf\" target=\"_blank\" data-cp-link=\"1\" rel=\"noopener noreferrer\">TELECHARGER<\/a><\/div> <div  class=\"col-xs bottom-xs flexbox image-group-bottom-3-img space-bottom-xs center-xs\"> <img  decoding=\"async\" class=\"left-img shadow-large-black\" data-size=\"500x300\" src=\"http:\/\/tri-eaux.com\/wp-content\/uploads\/2018\/11\/cropped-Valeurs-1.jpg\" alt=\"\" title=\"cropped-Valeurs-1.jpg\"> <img  decoding=\"async\" class=\"center-img shadow-large-black\" data-size=\"500x300\" src=\"http:\/\/tri-eaux.com\/wp-content\/uploads\/2019\/01\/couverture.jpg\" alt=\"\" title=\"couverture\"> <img  decoding=\"async\" class=\"right-img shadow-large-black\" data-size=\"500x300\" src=\"http:\/\/tri-eaux.com\/wp-content\/uploads\/2018\/11\/couleurs.jpg\" alt=\"\" title=\"couleurs\"><\/div> <\/div><\/div> <\/div><div  data-label=\"Portfolio\" data-id=\"portfolio--1\" data-export-id=\"portfolio-4\" data-category=\"portfolio\" class=\"portfolio-4 content-section content-section-spacing-top\" id=\"portfolio-1\" style=\"background-color: rgb(245, 250, 253);\"><div  class=\"\"> <div  class=\"row text-center\"><div  class=\"section-title-col\" data-type=\"column\">  <h2  class=\"\">Quelques photos<\/h2><p  class=\"lead\">Quelques unes de nos missions en images<\/p><\/div> <\/div> <div  data-type=\"row\" class=\"row\"> <div  class=\"col-xs-12 col-sm-3 no-gutter-col\"> <div  class=\"contentswap-effect\" data-hover-fx=\"portfolio-4\"> <div  class=\"initial-image\"> <img  decoding=\"async\" data-size=\"542x360\" src=\"http:\/\/tri-eaux.com\/wp-content\/uploads\/2018\/08\/cropped-100_0574.jpg\"><\/div> <div  class=\"overlay bg-color1\"><\/div> <div  class=\"swap-inner col-xs-12\"> <div  class=\"row full-height-row middle-xs middle-sm\"> <div  class=\"col-xs-12 text-center content-holder\"> <a href=\"https:\/\/tri-eaux.com\/wp-content\/uploads\/2018\/08\/100_0574.jpg\" target=\"_blank\" class=\"\" rel=\"noopener noreferrer\"><i  class=\"fa icon portfolio-icon fa-search big\" aria-hidden=\"true\"><\/i><\/a><\/div> <\/div><\/div> <\/div><p  class=\"\">&nbsp;&nbsp;&nbsp;&nbsp;&nbsp;&nbsp;&nbsp;&nbsp;&nbsp;&nbsp;&nbsp;&nbsp;&nbsp;&nbsp;&nbsp;&nbsp;&nbsp;&nbsp;&nbsp; Tra\u00e7age de conduite<\/p><\/div> <div  class=\"col-xs-12 col-sm-3 no-gutter-col\"><div  class=\"contentswap-effect\" data-hover-fx=\"portfolio-4\"> <div  class=\"initial-image\"> <img  decoding=\"async\" data-size=\"542x360\" src=\"http:\/\/tri-eaux.com\/wp-content\/uploads\/2018\/11\/cropped-2015_10145650031.jpg\"><\/div> <div  class=\"overlay bg-color1\"><\/div> <div  class=\"swap-inner col-xs-12\"> <div  class=\"row full-height-row middle-xs middle-sm\"> <div  class=\"col-xs-12 text-center content-holder\"> <a href=\"https:\/\/tri-eaux.com\/wp-content\/uploads\/2018\/11\/2015_10145650031.jpg\" target=\"_blank\" class=\"\" rel=\"noopener noreferrer\"><i  class=\"fa icon portfolio-icon fa-search big\" aria-hidden=\"true\"><\/i><\/a><\/div> <\/div><\/div> <\/div><p  class=\"\">&nbsp;&nbsp;&nbsp;&nbsp;&nbsp;&nbsp;&nbsp;&nbsp;&nbsp;&nbsp;&nbsp;&nbsp;&nbsp;&nbsp;&nbsp;&nbsp;&nbsp;&nbsp;&nbsp;&nbsp;&nbsp; Tests \u00e0 la fum\u00e9e<\/p><\/div> <div  class=\"col-xs-12 col-sm-3 no-gutter-col\"><div  class=\"contentswap-effect\" data-hover-fx=\"portfolio-4\"> <div  class=\"initial-image\"> <img  decoding=\"async\" data-size=\"542x360\" src=\"http:\/\/tri-eaux.com\/wp-content\/uploads\/2018\/08\/cropped-IMG_0510.jpg\"><\/div> <div  class=\"overlay bg-color1\"><\/div> <div  class=\"swap-inner col-xs-12\"> <div  class=\"row full-height-row middle-xs middle-sm\"> <div  class=\"col-xs-12 text-center content-holder\"> <a href=\"https:\/\/tri-eaux.com\/wp-content\/uploads\/2018\/08\/IMG_0510.jpg\" target=\"_blank\" class=\"\" rel=\"noopener noreferrer\"><i  class=\"fa icon portfolio-icon fa-search big\" aria-hidden=\"true\"><\/i><\/a><\/div> <\/div><\/div> <\/div><p  class=\"\">&nbsp;&nbsp;&nbsp; Entretien des syst\u00e8mes de traitement<\/p><\/div> <div  class=\"col-xs-12 col-sm-3 no-gutter-col\"><div  class=\"contentswap-effect\" data-hover-fx=\"portfolio-4\"> <div  class=\"initial-image\"> <img  decoding=\"async\" data-size=\"542x360\" src=\"http:\/\/tri-eaux.com\/wp-content\/uploads\/2018\/08\/cropped-SILA-007.jpg\"><\/div> <div  class=\"overlay bg-color1\"><\/div> <div  class=\"swap-inner col-xs-12\"> <div  class=\"row full-height-row middle-xs middle-sm\"> <div  class=\"col-xs-12 text-center content-holder\"> <a href=\"https:\/\/tri-eaux.com\/wp-content\/uploads\/2018\/08\/SILA-007.jpg\" target=\"_blank\" class=\"\" rel=\"noopener noreferrer\"><i  class=\"fa icon portfolio-icon fa-search big\" aria-hidden=\"true\"><\/i><\/a><\/div> <\/div><\/div> <\/div><p  class=\"\">&nbsp;&nbsp;&nbsp;&nbsp;&nbsp;&nbsp;&nbsp;&nbsp;&nbsp;&nbsp;&nbsp;&nbsp;&nbsp;&nbsp;&nbsp; M\u00e9trologie assainissement et AEP<\/p><\/div> <div  class=\"col-xs-12 col-sm-3 no-gutter-col\"><div  class=\"contentswap-effect\" data-hover-fx=\"portfolio-4\"> <div  class=\"initial-image\"> <img  decoding=\"async\" data-size=\"542x360\" src=\"http:\/\/tri-eaux.com\/wp-content\/uploads\/2018\/08\/cropped-100_2860.jpg\"><\/div> <div  class=\"overlay bg-color1\"><\/div> <div  class=\"swap-inner col-xs-12\"> <div  class=\"row full-height-row middle-xs middle-sm\"> <div  class=\"col-xs-12 text-center content-holder\"> <a href=\"https:\/\/tri-eaux.com\/wp-content\/uploads\/2018\/08\/100_2860.jpg\" target=\"_blank\" class=\"\" rel=\"noopener noreferrer\"><i  class=\"fa icon portfolio-icon fa-search big\" aria-hidden=\"true\"><\/i><\/a><\/div> <\/div><\/div> <\/div><p  class=\"\">&nbsp;&nbsp;&nbsp;&nbsp; Mesures des d\u00e9bits de cours d\u2019eau<\/p><\/div> <div  class=\"col-xs-12 col-sm-3 no-gutter-col\"><div  class=\"contentswap-effect\" data-hover-fx=\"portfolio-4\"> <div  class=\"initial-image\"> <img  decoding=\"async\" data-size=\"542x360\" src=\"http:\/\/tri-eaux.com\/wp-content\/uploads\/2023\/01\/cropped-1673175696924.jpg\"><\/div> <div  class=\"overlay bg-color1\"><\/div> <div  class=\"swap-inner col-xs-12\"> <div  class=\"row full-height-row middle-xs middle-sm\"> <div  class=\"col-xs-12 text-center content-holder\"> <a href=\"https:\/\/tri-eaux.com\/wp-content\/uploads\/2018\/08\/Qm%C3%A8tre-%C3%A9lectromagn%C3%A9tique.jpg\" target=\"_blank\" class=\"\" rel=\"noopener noreferrer\"><i  class=\"fa icon portfolio-icon fa-search big\" aria-hidden=\"true\"><\/i><\/a><\/div> <\/div><\/div> <\/div><p  class=\"\">&nbsp; Recherche de fuites<\/p><\/div> <div  class=\"col-xs-12 col-sm-3 no-gutter-col\"><div  class=\"contentswap-effect\" data-hover-fx=\"portfolio-4\"> <div  class=\"initial-image\"> <img  decoding=\"async\" data-size=\"542x360\" src=\"http:\/\/tri-eaux.com\/wp-content\/uploads\/2018\/08\/cropped-100_0250.jpg\"><\/div> <div  class=\"overlay bg-color1\"><\/div> <div  class=\"swap-inner col-xs-12\"> <div  class=\"row full-height-row middle-xs middle-sm\"> <div  class=\"col-xs-12 text-center content-holder\"> <a href=\"https:\/\/tri-eaux.com\/wp-content\/uploads\/2018\/08\/cropped-100_0250.jpg\" target=\"_blank\" class=\"\" rel=\"noopener noreferrer\"><i  class=\"fa icon portfolio-icon fa-search big\" aria-hidden=\"true\"><\/i><\/a><\/div> <\/div><\/div> <\/div><p  class=\"\">&nbsp;&nbsp;&nbsp;&nbsp;&nbsp;&nbsp;&nbsp;&nbsp;&nbsp;&nbsp;&nbsp;&nbsp; Contr\u00f4le de poteau incendie<\/p><\/div> <div  class=\"col-xs-12 col-sm-3 no-gutter-col\"><div  class=\"contentswap-effect\" data-hover-fx=\"portfolio-4\"> <div  class=\"initial-image\"> <img  decoding=\"async\" data-size=\"542x360\" src=\"http:\/\/tri-eaux.com\/wp-content\/uploads\/2018\/08\/cropped-carto2.jpg\"><\/div> <div  class=\"overlay bg-color1\"><\/div> <div  class=\"swap-inner col-xs-12\"> <div  class=\"row full-height-row middle-xs middle-sm\"> <div  class=\"col-xs-12 text-center content-holder\"> <a href=\"https:\/\/tri-eaux.com\/wp-content\/uploads\/2018\/08\/carto2.jpg\" target=\"_blank\" class=\"\" rel=\"noopener noreferrer\"><i  class=\"fa icon portfolio-icon fa-search big\" aria-hidden=\"true\"><\/i><\/a><\/div> <\/div><\/div> <\/div><p  class=\"\">&nbsp;&nbsp;&nbsp;&nbsp;&nbsp;&nbsp;&nbsp;&nbsp;&nbsp;&nbsp;&nbsp;&nbsp;&nbsp;&nbsp; &nbsp; &nbsp; &nbsp;&nbsp; Cartographie \u2013 SIG<\/p><\/div> <\/div><\/div> <\/div><div  id=\"collaborateurs\" style=\"background-color: #ffffff;\" data-label=\"Collaborateurs\" data-id=\"team-2\" data-export-id=\"team-2\" data-category=\"team\" class=\"team-2 content-section content-section-spacing\"><div  class=\"gridContainer\"> <div  class=\"row text-center\"><div  class=\"section-title-col\" data-type=\"column\"> <h2  class=\"\">Vos collaborateurs privil\u00e9gi\u00e9s<\/h2> <p  class=\"lead\">Les fondateurs et associ\u00e9s, vos interlocuteurs principaux.<\/p><\/div> <\/div> <div  class=\"row spaced-cols content-center-sm center-sm\" data-type=\"row\">    <div  class=\"col-sm-6 col-md-3\"> <div  class=\"card y-move no-padding bordered\"> <img  decoding=\"async\" class=\"face\" src=\"http:\/\/tri-eaux.com\/wp-content\/uploads\/2019\/01\/portrait-alex.jpg\" alt=\"\" title=\"portrait alex\"> <div  data-type=\"column\" class=\"col-padding-small col-padding-small-xs description-container\"> <h4  class=\"font-500\">Alexandre SALERNO<\/h4> <p  class=\"small\" style=\"font-style: italic;\">G\u00e9rant\n<br ><br >Chef de projet<\/p> <div  class=\"social-icons-group\" data-type=\"group\"> <a href=\"#\" target=\"_self\" rel=\"noopener noreferrer\"><i  class=\"gray fa icon fa-at\"><\/i><\/a> <a href=\"#\" target=\"_self\" rel=\"noopener noreferrer\" data-reiki-hidden=\"true\"><i  class=\"gray fa icon fa-phone\"><\/i><\/a> <a href=\"#\" target=\"_self\" data-reiki-hidden=\"true\" rel=\"noopener noreferrer\"><i  class=\"gray fa icon fa-linkedin-square\"><\/i><\/a> <a href=\"#\" target=\"_self\" data-reiki-hidden=\"true\" rel=\"noopener noreferrer\"><i  class=\"gray fa icon fa-google-plus-square\"><\/i><\/a><\/div> <p  class=\"\">asalerno@tri-eaux.com\n<\/p><\/div><\/div> <\/div>   <div  class=\"col-sm-6 col-md-3\"> <div  class=\"card y-move no-padding bordered\"> <img  decoding=\"async\" class=\"face\" src=\"http:\/\/tri-eaux.com\/wp-content\/uploads\/2019\/01\/portrait-herve.jpg\" alt=\"\" title=\"portrait herve\"> <div  data-type=\"column\" class=\"col-padding-small col-padding-small-xs description-container\"> <h4  class=\"font-500\">Herv\u00e9 PEYLIN<\/h4> <p  class=\"small\" style=\"font-style: italic;\">Associ\u00e9\n<br ><br >Technicien polyvalent<\/p> <div  class=\"social-icons-group\" data-type=\"group\"> <a href=\"#\" target=\"_self\" rel=\"noopener noreferrer\"><i  class=\"gray fa icon small fa-at\"><\/i><\/a> <a href=\"#\" target=\"_self\" rel=\"noopener noreferrer\"><i  class=\"gray fa icon small fa-phone\"><\/i><\/a> <a href=\"#\" target=\"_self\" data-reiki-hidden=\"true\" rel=\"noopener noreferrer\"><i  class=\"gray fa icon small fa-linkedin-square\"><\/i><\/a> <a href=\"#\" target=\"_self\" data-reiki-hidden=\"true\" rel=\"noopener noreferrer\"><i  class=\"gray fa icon small fa-google-plus-square\"><\/i><\/a><\/div> <p  class=\"\">hpeylin@tri-eaux.com\n<br >07.76.11.91.06<\/p><\/div><\/div> <\/div> <div  class=\"col-sm-6 col-md-3\"> <div  class=\"card y-move no-padding bordered\"> <img  decoding=\"async\" class=\"face\" src=\"http:\/\/tri-eaux.com\/wp-content\/uploads\/2019\/12\/cropped-astrid.jpg\" alt=\"\" title=\"cropped-astrid.jpg\"> <div  data-type=\"column\" class=\"col-padding-small col-padding-small-xs description-container\"> <h4  class=\"font-500\">Astrid BOUCHARD<\/h4> <p  class=\"small\" style=\"font-style: italic;\">Associ\u00e9e\n<br ><br >Directrice adjointe<\/p> <div  class=\"social-icons-group\" data-type=\"group\"> <a href=\"#\" target=\"_self\" rel=\"noopener noreferrer\"><i  class=\"gray fa icon small fa-at\"><\/i><\/a> <a href=\"#\" target=\"_self\" rel=\"noopener noreferrer\"><i  class=\"gray fa icon small fa-phone\"><\/i><\/a> <a href=\"#\" target=\"_self\" data-reiki-hidden=\"true\" rel=\"noopener noreferrer\"><i  class=\"gray fa icon small fa-linkedin-square\"><\/i><\/a> <a href=\"#\" target=\"_self\" data-reiki-hidden=\"true\" rel=\"noopener noreferrer\"><i  class=\"gray fa icon small fa-google-plus-square\"><\/i><\/a><\/div> <p  class=\"\">abouchard@tri-eaux.com\n<br >06.52.7915.64<\/p><\/div><\/div> <\/div><\/div> <\/div><\/div><div  data-label=\"Recrutement\" data-id=\"cta--1\" data-export-id=\"cta-blue-section\" data-category=\"cta\" class=\"cta-blue-section content-section content-section-spacing-medium bg-color1 white-text\" id=\"recrutement\"><div  class=\"gridContainer\"> <div  class=\"row middle-xs\"><div  class=\"col-sm-8 space-bottom-xs\" data-type=\"column\"> <h2  class=\"\">Nous recrutons !<span  class=\"font-300\">\n<br ><br >N\u2019h\u00e9sitez pas \u00e0 nous envoyer votre CV<\/span><\/h2> <\/div> <div  class=\"col-sm-4 end-sm\" data-type=\"column\"> <\/div> <\/div><\/div> <\/div><div  id=\"contact-1\" data-label=\"Contact\" data-id=\"contact-1\" data-export-id=\"contact-1\" data-category=\"contact\" class=\"contact-1 content-section content-section-spacing white-text\" data-parallax-depth=\"20\" style=\"background-image: url(&quot;http:\/\/tri-eaux.com\/wp-content\/uploads\/2018\/11\/shutterstock_1113458654-1.jpg&quot;); background-size: cover; background-position: center top;\"><div  class=\"gridContainer\"> <div  class=\"row text-center\"><div  class=\"section-title-col\" data-type=\"column\"> <h2  class=\"\">Contactez-nous\n<\/h2> <h3  class=\"\">TRI-EAUX<br >Mesures &amp; Contr\u00f4les<\/h3><p  class=\"\">NOUS ECRIRE &#8211; Si\u00e8ge social<br >130, chemin de Riboti\u00e8re &#8211; 38330 SAINT-ISMIER<br ><br >NOUS RENDRE VISITE &#8211; Bureaux<br >395, rue du Dr Marmonnier &#8211; ZA Grande Ile de Lancey &#8211; 38190 VILLARD-BONNOT&nbsp;<br ><br >contact@tri-eaux.com<br >\n<br >04.56.85.88.24<\/p><\/div> <\/div> <div  class=\"row text-center\"> <div  class=\"col-xs-12 col-sm-8 col-sm-offset-2 contact-form-wrapper inline-info\"> <div  class=\"card large-padding\"> <div  class=\"\" data-content-shortcode=\"mesmerize_contact_form shortcode=&quot;http:\/\/tri-eaux.com\/wp-content\/uploads\/2022\/02\/logo-tri-eaux.jpg&quot;\" data-editable=\"true\">[http:\/\/tri-eaux.com\/wp-content\/uploads\/2022\/02\/logo-tri-eaux.jpg]<\/div><\/div> <\/div><\/div> <\/div><\/div>","protected":false},"excerpt":{"rendered":"<p>Eau potable Nos missions dans le domaine de l\u2019Alimentation en Eau Potable (AEP) Eaux us\u00e9es et pluviales Nos missions sur les r\u00e9seaux d\u2019assainissement et d\u2019eaux pluviales Eaux de surface Nos missions de mesures et contr\u00f4les sur les cours d\u2019eau EAU POTABLE Bilans hydrauliques, campagne de recherche de fuites, m\u00e9trologie sur captages gravitaires et pompages, expertise&hellip; <br \/> <a class=\"read-more\" href=\"https:\/\/tri-eaux.com\/\">Read more<\/a><\/p>\n","protected":false},"author":1,"featured_media":0,"parent":0,"menu_order":0,"comment_status":"closed","ping_status":"closed","template":"page-templates\/homepage.php","meta":[],"_links":{"self":[{"href":"https:\/\/tri-eaux.com\/index.php\/wp-json\/wp\/v2\/pages\/29"}],"collection":[{"href":"https:\/\/tri-eaux.com\/index.php\/wp-json\/wp\/v2\/pages"}],"about":[{"href":"https:\/\/tri-eaux.com\/index.php\/wp-json\/wp\/v2\/types\/page"}],"author":[{"embeddable":true,"href":"https:\/\/tri-eaux.com\/index.php\/wp-json\/wp\/v2\/users\/1"}],"replies":[{"embeddable":true,"href":"https:\/\/tri-eaux.com\/index.php\/wp-json\/wp\/v2\/comments?post=29"}],"version-history":[{"count":50,"href":"https:\/\/tri-eaux.com\/index.php\/wp-json\/wp\/v2\/pages\/29\/revisions"}],"predecessor-version":[{"id":273,"href":"https:\/\/tri-eaux.com\/index.php\/wp-json\/wp\/v2\/pages\/29\/revisions\/273"}],"wp:attachment":[{"href":"https:\/\/tri-eaux.com\/index.php\/wp-json\/wp\/v2\/media?parent=29"}],"curies":[{"name":"wp","href":"https:\/\/api.w.org\/{rel}","templated":true}]}}